{"id":2201,"date":"2024-03-12T15:30:41","date_gmt":"2024-03-12T14:30:41","guid":{"rendered":"https:\/\/arefim-ge.com\/menestys-home-page\/"},"modified":"2025-01-02T15:22:28","modified_gmt":"2025-01-02T14:22:28","slug":"menestys-home-page","status":"publish","type":"page","link":"https:\/\/arefim-ge.com\/en\/menestys-home-page\/","title":{"rendered":"Menestys Home Page"},"content":{"rendered":"<p>[et_pb_section fb_built=&#8221;1&#8243; fullwidth=&#8221;on&#8221; _builder_version=&#8221;4.20.4&#8243; _module_preset=&#8221;default&#8221; max_width_tablet=&#8221;&#8221; max_width_phone=&#8221;&#8221; max_width_last_edited=&#8221;on|phone&#8221; hover_enabled=&#8221;0&#8243; global_colors_info=&#8221;{}&#8221; sticky_enabled=&#8221;0&#8243;][et_pb_fullwidth_header title=&#8221;A REAL ESTATE COMPANY AND CREATOR OF SOCIALLY RESPONSIBLE CORPORATE CAMPUSES!&#8221; header_fullscreen=&#8221;on&#8221; content_tablet=&#8221;<\/p>\n<div style=%22position:absolute; bottom:50px; font-size:12px; font-weight:200;%22>Cosmetic Park \u00ae Orl\u00e9ans<\/div>\n<p>&#8221; content_phone=&#8221;<\/p>\n<div style=%22position:absolute; bottom:50px; font-size:18px; font-weight:200;%22>Cosmetic Park \u00ae Orl\u00e9ans<\/div>\n<p>&#8221; content_last_edited=&#8221;off|desktop&#8221; _builder_version=&#8221;4.25.1&#8243; _module_preset=&#8221;default&#8221; title_font=&#8221;Montserrat|300|||||||&#8221; title_text_align=&#8221;center&#8221; title_font_size=&#8221;35px&#8221; title_letter_spacing=&#8221;3px&#8221; background_enable_color=&#8221;off&#8221; background_image=&#8221;https:\/\/arefim-ge.com\/wp-content\/uploads\/2023\/11\/image-header-min.png&#8221; max_width_tablet=&#8221;&#8221; max_width_phone=&#8221;&#8221; max_width_last_edited=&#8221;on|phone&#8221; custom_padding_tablet=&#8221;&#8221; custom_padding_phone=&#8221;|0px||0px|false|true&#8221; custom_padding_last_edited=&#8221;on|phone&#8221; hover_enabled=&#8221;0&#8243; title_font_size_tablet=&#8221;33px&#8221; title_font_size_phone=&#8221;9px&#8221; title_font_size_last_edited=&#8221;on|phone&#8221; background_last_edited=&#8221;on|phone&#8221; use_background_color_gradient_phone=&#8221;on&#8221; background_color_gradient_stops_phone=&#8221;rgba(88,89,91,0.3) 0%|rgba(88,89,91,0.3) 100%&#8221; background_color_gradient_overlays_image_phone=&#8221;on&#8221; global_colors_info=&#8221;{}&#8221; sticky_enabled=&#8221;0&#8243;]<\/p>\n<div class=\"titre-slide\" style=\"'font-family:Montserrat',Helvetica,Arial,Lucida,sans-serif; position:absolute; bottom:50px; font-size:18px; font-weight:200;\">Cosmetic Park \u00ae Orl\u00e9ans<\/div>\n<div><img decoding=\"async\" src=\"https:\/\/arefim-ge.com\/wp-content\/uploads\/2024\/02\/French-Certifee-B-Logo-White-RGB.png\" style=\"width: 70px; position: absolute; right: 0px; bottom: 50px;\"><\/div>\n<p>[\/et_pb_fullwidth_header][\/et_pb_section][et_pb_section fb_built=&#8221;1&#8243; disabled_on=&#8221;off|off|on&#8221; _builder_version=&#8221;4.23.1&#8243; _module_preset=&#8221;default&#8221; background_color=&#8221;rgba(255,255,255,0)&#8221; positioning=&#8221;absolute&#8221; position_origin_a=&#8221;top_center&#8221; vertical_offset=&#8221;399px&#8221; z_index=&#8221;9999&#8243; custom_padding=&#8221;0px||0px||true|false&#8221; global_colors_info=&#8221;{}&#8221;][et_pb_row _builder_version=&#8221;4.25.1&#8243; _module_preset=&#8221;default&#8221; width=&#8221;100%&#8221; max_width=&#8221;1000px&#8221; custom_padding=&#8221;0px||||false|false&#8221; global_colors_info=&#8221;{}&#8221;][et_pb_column type=&#8221;4_4&#8243; _builder_version=&#8221;4.25.1&#8243; _module_preset=&#8221;default&#8221; global_colors_info=&#8221;{}&#8221;][\/et_pb_column][\/et_pb_row][\/et_pb_section][et_pb_section fb_built=&#8221;1&#8243; disabled_on=&#8221;on|on|off&#8221; _builder_version=&#8221;4.23.1&#8243; _module_preset=&#8221;default&#8221; background_color=&#8221;rgba(255,255,255,0)&#8221; positioning=&#8221;absolute&#8221; position_origin_a=&#8221;top_center&#8221; vertical_offset=&#8221;400px&#8221; z_index=&#8221;9999&#8243; custom_padding=&#8221;0px||0px||true|false&#8221; global_colors_info=&#8221;{}&#8221;][et_pb_row _builder_version=&#8221;4.23.1&#8243; _module_preset=&#8221;default&#8221; width=&#8221;100%&#8221; max_width=&#8221;1150px&#8221; custom_padding=&#8221;8px||||false|false&#8221; global_colors_info=&#8221;{}&#8221;][et_pb_column type=&#8221;4_4&#8243; _builder_version=&#8221;4.20.4&#8243; _module_preset=&#8221;default&#8221; global_colors_info=&#8221;{}&#8221;][\/et_pb_column][\/et_pb_row][\/et_pb_section][et_pb_section fb_built=&#8221;1&#8243; _builder_version=&#8221;4.20.4&#8243; _module_preset=&#8221;default&#8221; custom_padding=&#8221;20px||20px||true|false&#8221; global_colors_info=&#8221;{}&#8221;][et_pb_row _builder_version=&#8221;4.20.4&#8243; _module_preset=&#8221;default&#8221; global_colors_info=&#8221;{}&#8221;][et_pb_column type=&#8221;4_4&#8243; _builder_version=&#8221;4.20.4&#8243; _module_preset=&#8221;default&#8221; global_colors_info=&#8221;{}&#8221;][et_pb_text _builder_version=&#8221;4.20.4&#8243; _module_preset=&#8221;default&#8221; header_2_font=&#8221;Montserrat|300|||||||&#8221; header_2_text_align=&#8221;center&#8221; header_2_text_color=&#8221;#8a9a78&#8243; header_2_font_size=&#8221;40px&#8221; header_2_line_height=&#8221;1.2em&#8221; global_colors_info=&#8221;{}&#8221;]<\/p>\n<h2><strong style=\"color: #89693e;\">Together, <\/strong><span style=\"color: #c6a891;\"><br \/>\nlet\u2019s create <strong>innovative<\/strong> <\/span><strong style=\"color: #bb904b;\">living spaces <\/strong><br \/>\n<span style=\"color: #877460;\">that are beneficial to <strong>businesses<\/strong>,<br \/>\n<strong>communities <\/strong><\/span><br \/>\nand <strong>biodiversity<\/strong>.<\/h2>\n<p>[\/et_pb_text][\/et_pb_column][\/et_pb_row][\/et_pb_section][et_pb_section fb_built=&#8221;1&#8243; custom_padding_last_edited=&#8221;on|phone&#8221; _builder_version=&#8221;4.20.4&#8243; _module_preset=&#8221;default&#8221; custom_padding=&#8221;30px||||false|false&#8221; custom_padding_tablet=&#8221;30px||||false|false&#8221; custom_padding_phone=&#8221;30px|20px||20px|false|true&#8221; global_colors_info=&#8221;{}&#8221;][et_pb_row column_structure=&#8221;1_2,1_2&#8243; _builder_version=&#8221;4.20.4&#8243; _module_preset=&#8221;default&#8221; width=&#8221;100%&#8221; max_width=&#8221;1920px&#8221; global_colors_info=&#8221;{}&#8221;][et_pb_column type=&#8221;1_2&#8243; _builder_version=&#8221;4.20.4&#8243; _module_preset=&#8221;default&#8221; global_colors_info=&#8221;{}&#8221;][et_pb_image src=&#8221;https:\/\/arefim-ge.com\/wp-content\/uploads\/2023\/07\/image-1.png&#8221; title_text=&#8221;image 1&#8243; _builder_version=&#8221;4.20.4&#8243; _module_preset=&#8221;default&#8221; global_colors_info=&#8221;{}&#8221;][\/et_pb_image][\/et_pb_column][et_pb_column type=&#8221;1_2&#8243; _builder_version=&#8221;4.20.4&#8243; _module_preset=&#8221;default&#8221; global_colors_info=&#8221;{}&#8221;][et_pb_text _builder_version=&#8221;4.20.4&#8243; _module_preset=&#8221;default&#8221; header_3_font=&#8221;Montserrat|300|||||||&#8221; header_3_text_color=&#8221;#6E7C59&#8243; header_3_font_size=&#8221;40px&#8221; custom_margin=&#8221;||2px|||&#8221; global_colors_info=&#8221;{}&#8221;]<\/p>\n<h3>Ar\u00e9fim,<br \/>\n<strong style=\"color: #a18965; font-weight: 500;\">A mission-driven company<\/strong><\/h3>\n<p>[\/et_pb_text][et_pb_image src=&#8221;https:\/\/arefim-ge.com\/wp-content\/uploads\/2023\/07\/trait.png&#8221; title_text=&#8221;trait&#8221; _builder_version=&#8221;4.20.4&#8243; _module_preset=&#8221;default&#8221; positioning=&#8221;relative&#8221; horizontal_offset=&#8221;-30px&#8221; global_colors_info=&#8221;{}&#8221;][\/et_pb_image][et_pb_text _builder_version=&#8221;4.20.4&#8243; _module_preset=&#8221;default&#8221; text_font=&#8221;Montserrat||||||||&#8221; text_text_color=&#8221;#58595B&#8221; text_font_size=&#8221;18px&#8221; text_line_height=&#8221;1.6em&#8221; global_colors_info=&#8221;{}&#8221;]Premi\u00e8re fonci\u00e8re logistique devenue soci\u00e9t\u00e9 \u00e0 mission,<br \/>\nnotre raison d&#8217;\u00eatre est une conjugaison entre<br \/>\nle d\u00e9veloppement \u00e9conomique, les enjeux<br \/>\nenvironnementaux, soci\u00e9taux et architecturaux.<br \/>\nNous cr\u00e9ons ainsi des outils structurants pour<br \/>\nle d\u00e9veloppement et l&#8217;attractivit\u00e9 des territoires dans<br \/>\nlesquels nous nous implantons<br \/>\n[\/et_pb_text][et_pb_button button_url=&#8221;https:\/\/arefim-ge.com\/societe-a-mission\/&#8221; button_text=&#8221;Find out more&#8221; _builder_version=&#8221;4.20.4&#8243; _module_preset=&#8221;default&#8221; custom_button=&#8221;on&#8221; button_text_size=&#8221;18px&#8221; button_text_color=&#8221;#6E7C59&#8243; button_border_width=&#8221;1px&#8221; button_border_color=&#8221;#6E7C59&#8243; button_font=&#8221;Montserrat|800|||||||&#8221; custom_margin=&#8221;50px||||false|false&#8221; global_colors_info=&#8221;{}&#8221;][\/et_pb_button][\/et_pb_column][\/et_pb_row][\/et_pb_section][et_pb_section fb_built=&#8221;1&#8243; _builder_version=&#8221;4.20.4&#8243; _module_preset=&#8221;default&#8221; custom_padding=&#8221;30px||2px||false|false&#8221; global_colors_info=&#8221;{}&#8221;][et_pb_row _builder_version=&#8221;4.20.4&#8243; _module_preset=&#8221;default&#8221; global_colors_info=&#8221;{}&#8221;][et_pb_column type=&#8221;4_4&#8243; _builder_version=&#8221;4.20.4&#8243; _module_preset=&#8221;default&#8221; global_colors_info=&#8221;{}&#8221;][et_pb_video src=&#8221;https:\/\/arefim-ge.com\/wp-content\/uploads\/2023\/09\/campus.mp4&#8243; image_src=&#8221;https:\/\/arefim-ge.com\/wp-content\/uploads\/2023\/07\/Image-2-2.png&#8221; _builder_version=&#8221;4.20.4&#8243; _module_preset=&#8221;default&#8221; global_colors_info=&#8221;{}&#8221;][\/et_pb_video][et_pb_video _builder_version=&#8221;4.20.4&#8243; _module_preset=&#8221;default&#8221; global_colors_info=&#8221;{}&#8221;][\/et_pb_video][\/et_pb_column][\/et_pb_row][\/et_pb_section][et_pb_section fb_built=&#8221;1&#8243; _builder_version=&#8221;4.20.4&#8243; _module_preset=&#8221;default&#8221; custom_padding=&#8221;60px||96px||false|false&#8221; global_colors_info=&#8221;{}&#8221;][et_pb_row column_structure=&#8221;1_3,1_3,1_3&#8243; custom_padding_last_edited=&#8221;on|phone&#8221; _builder_version=&#8221;4.20.4&#8243; _module_preset=&#8221;default&#8221; width=&#8221;auto&#8221; module_alignment=&#8221;center&#8221; custom_margin=&#8221;|auto|0px|915px|false|false&#8221; custom_padding=&#8221;2px||0px||false|false&#8221; custom_padding_tablet=&#8221;2px||0px||false|false&#8221; custom_padding_phone=&#8221;2px|20px|0px|20px|false|true&#8221; global_colors_info=&#8221;{}&#8221;][et_pb_column type=&#8221;1_3&#8243; _builder_version=&#8221;4.20.4&#8243; _module_preset=&#8221;default&#8221; global_colors_info=&#8221;{}&#8221;][et_pb_text _builder_version=&#8221;4.20.4&#8243; _module_preset=&#8221;default&#8221; text_font_size=&#8221;40px&#8221; custom_padding=&#8221;14px|14px|14px|43px|false|false&#8221; link_option_url=&#8221;https:\/\/arefim-ge.com\/nos-developpements\/&#8221; border_width_all=&#8221;1px&#8221; global_colors_info=&#8221;{}&#8221;]<strong>SPOTLIGHT<\/strong> ON<br \/>\n[\/et_pb_text][\/et_pb_column][et_pb_column type=&#8221;1_3&#8243; _builder_version=&#8221;4.20.4&#8243; _module_preset=&#8221;default&#8221; global_colors_info=&#8221;{}&#8221;][\/et_pb_column][et_pb_column type=&#8221;1_3&#8243; _builder_version=&#8221;4.20.4&#8243; _module_preset=&#8221;default&#8221; global_colors_info=&#8221;{}&#8221;][\/et_pb_column][\/et_pb_row][et_pb_row column_structure=&#8221;1_2,1_2&#8243; make_equal=&#8221;on&#8221; custom_padding_last_edited=&#8221;on|phone&#8221; _builder_version=&#8221;4.20.4&#8243; _module_preset=&#8221;default&#8221; background_color=&#8221;#6E7C59&#8243; custom_margin=&#8221;0px||||false|false&#8221; custom_padding_tablet=&#8221;&#8221; custom_padding_phone=&#8221;|20px||20px|false|true&#8221; global_colors_info=&#8221;{}&#8221;][et_pb_column type=&#8221;1_2&#8243; _builder_version=&#8221;4.20.4&#8243; _module_preset=&#8221;default&#8221; background_enable_image=&#8221;off&#8221; background_size=&#8221;initial&#8221; positioning=&#8221;none&#8221; horizontal_offset=&#8221;-135px&#8221; global_colors_info=&#8221;{}&#8221;][et_pb_image src=&#8221;https:\/\/arefim-ge.com\/wp-content\/uploads\/2023\/10\/PORTES-DE-CHAMPAGNE-Bureaux-Final-scaled.jpg&#8221; title_text=&#8221;PORTES DE CHAMPAGNE &#8211; Offices &#8211; Final&#8221; module_class=&#8221;img-gros&#8221; _builder_version=&#8221;4.20.4&#8243; _module_preset=&#8221;default&#8221; positioning=&#8221;relative&#8221; horizontal_offset=&#8221;-90px&#8221; horizontal_offset_tablet=&#8221;-90px&#8221; horizontal_offset_phone=&#8221;0px&#8221; horizontal_offset_last_edited=&#8221;on|phone&#8221; global_colors_info=&#8221;{}&#8221;][\/et_pb_image][\/et_pb_column][et_pb_column type=&#8221;1_2&#8243; _builder_version=&#8221;4.20.4&#8243; _module_preset=&#8221;default&#8221; global_colors_info=&#8221;{}&#8221;][et_pb_text _builder_version=&#8221;4.20.4&#8243; _module_preset=&#8221;default&#8221; header_3_font=&#8221;Montserrat|300|||||||&#8221; header_3_text_color=&#8221;#FFFFFF&#8221; header_3_font_size=&#8221;30px&#8221; custom_margin=&#8221;||2px|||&#8221; global_colors_info=&#8221;{}&#8221;]<\/p>\n<h3><strong>LES PORTES<br \/>\nDE CHAMPAGNE<\/strong><\/h3>\n<p>[\/et_pb_text][et_pb_image src=&#8221;https:\/\/arefim-ge.com\/wp-content\/uploads\/2023\/07\/trait-blanc.png&#8221; title_text=&#8221;trait blanc&#8221; _builder_version=&#8221;4.20.4&#8243; _module_preset=&#8221;default&#8221; custom_margin=&#8221;||17px|||&#8221; global_colors_info=&#8221;{}&#8221;][\/et_pb_image][et_pb_text _builder_version=&#8221;4.20.4&#8243; _module_preset=&#8221;default&#8221; text_font=&#8221;Montserrat|300|||||||&#8221; text_text_color=&#8221;#FFFFFF&#8221; text_font_size=&#8221;20px&#8221; text_line_height=&#8221;1.6em&#8221; custom_margin=&#8221;||16px|||&#8221; global_colors_info=&#8221;{}&#8221;]CH\u00c2TEAU-THIERRY<br \/>\n[\/et_pb_text][et_pb_text _builder_version=&#8221;4.20.4&#8243; _module_preset=&#8221;default&#8221; text_font=&#8221;Montserrat|300|||||||&#8221; text_text_color=&#8221;#FFFFFF&#8221; text_font_size=&#8221;16px&#8221; text_line_height=&#8221;1.6em&#8221; global_colors_info=&#8221;{}&#8221;]Le campus &#8220;Les portes de champagne&#8221;<br \/>\noffre une situation exceptionnelle gr\u00e2ce<br \/>\naux nombreuses dessertes routi\u00e8res et<br \/>\nautorouti\u00e8res : A4, A26, A34.<br \/>\nCe site de 10 hectares permet de d\u00e9velopper<br \/>\nun premier b\u00e2timent de 60,000 m\u00b2 divisible<br \/>\n\u00e0 partir de 30,000 m\u00b2, et constitu\u00e9 d&#8217;une cellule<br \/>\nde 12,000 m\u00b2 en <strong>Seveso seuil haut.<\/strong><br \/>\n[\/et_pb_text][et_pb_button button_url=&#8221;https:\/\/arefim-ge.com\/en\/our-developments-at-the-gates-of-paris\/les-portes-de-champagne\/&#8221; button_text=&#8221;Find out more&#8221; _builder_version=&#8221;4.20.4&#8243; _module_preset=&#8221;default&#8221; custom_button=&#8221;on&#8221; button_text_size=&#8221;18px&#8221; button_text_color=&#8221;#FFFFFF&#8221; button_border_width=&#8221;1px&#8221; button_border_color=&#8221;#FFFFFF&#8221; button_font=&#8221;Montserrat|800|||||||&#8221; custom_margin=&#8221;27px||||false|false&#8221; global_colors_info=&#8221;{}&#8221;][\/et_pb_button][\/et_pb_column][\/et_pb_row][\/et_pb_section]<\/p>\n","protected":false},"excerpt":{"rendered":"<p>Cosmetic Park \u00ae Orl\u00e9ans Together, let\u2019s create innovative living spaces that are beneficial to businesses, communities and biodiversity. Ar\u00e9fim, A mission-driven company Premi\u00e8re fonci\u00e8re logistique devenue soci\u00e9t\u00e9 \u00e0 mission, notre raison d&#8217;\u00eatre est une conjugaison entre le d\u00e9veloppement \u00e9conomique, les enjeux environnementaux, soci\u00e9taux et architecturaux. Nous cr\u00e9ons ainsi des outils structurants pour le d\u00e9veloppement et [&hellip;]<\/p>\n","protected":false},"author":1,"featured_media":0,"parent":0,"menu_order":0,"comment_status":"closed","ping_status":"open","template":"","meta":{"_acf_changed":false,"_et_pb_use_builder":"on","_et_pb_old_content":"","_et_gb_content_width":"","footnotes":""},"class_list":["post-2201","page","type-page","status-publish","hentry"],"acf":[],"yoast_head":"<!-- This site is optimized with the Yoast SEO plugin v27.1.1 - https:\/\/yoast.com\/product\/yoast-seo-wordpress\/ -->\n<title>Ar\u00e9fim - A mission-driven logistical real estate company<\/title>\n<meta name=\"description\" content=\"Ar\u00e9fim is a French real estate company that became a mission-driven company and that specializes in the development of innovative logistics campuses and independent buildings.\" \/>\n<meta name=\"robots\" content=\"index, follow, max-snippet:-1, max-image-preview:large, max-video-preview:-1\" \/>\n<link rel=\"canonical\" href=\"https:\/\/arefim-ge.com\/en\/menestys-home-page\/\" \/>\n<meta property=\"og:locale\" content=\"en_US\" \/>\n<meta property=\"og:type\" content=\"article\" \/>\n<meta property=\"og:title\" content=\"Ar\u00e9fim - A mission-driven logistical real estate company\" \/>\n<meta property=\"og:description\" content=\"Ar\u00e9fim is a French real estate company that became a mission-driven company and that specializes in the development of innovative logistics campuses and independent buildings.\" \/>\n<meta property=\"og:url\" content=\"https:\/\/arefim-ge.com\/en\/menestys-home-page\/\" \/>\n<meta property=\"og:site_name\" content=\"Arefim GE\" \/>\n<meta property=\"article:modified_time\" content=\"2025-01-02T14:22:28+00:00\" \/>\n<meta property=\"og:image\" content=\"https:\/\/arefim-ge.com\/wp-content\/uploads\/2024\/02\/French-Certifee-B-Logo-White-RGB.png\" \/>\n<meta name=\"twitter:card\" content=\"summary_large_image\" \/>\n<meta name=\"twitter:label1\" content=\"Est. reading time\" \/>\n\t<meta name=\"twitter:data1\" content=\"7 minutes\" \/>\n<script type=\"application\/ld+json\" class=\"yoast-schema-graph\">{\"@context\":\"https:\/\/schema.org\",\"@graph\":[{\"@type\":\"WebPage\",\"@id\":\"https:\/\/arefim-ge.com\/en\/menestys-home-page\/\",\"url\":\"https:\/\/arefim-ge.com\/en\/menestys-home-page\/\",\"name\":\"Ar\u00e9fim - A mission-driven logistical real estate company\",\"isPartOf\":{\"@id\":\"https:\/\/arefim-ge.com\/en\/#website\"},\"primaryImageOfPage\":{\"@id\":\"https:\/\/arefim-ge.com\/en\/menestys-home-page\/#primaryimage\"},\"image\":{\"@id\":\"https:\/\/arefim-ge.com\/en\/menestys-home-page\/#primaryimage\"},\"thumbnailUrl\":\"https:\/\/arefim-ge.com\/wp-content\/uploads\/2024\/02\/French-Certifee-B-Logo-White-RGB.png\",\"datePublished\":\"2024-03-12T14:30:41+00:00\",\"dateModified\":\"2025-01-02T14:22:28+00:00\",\"description\":\"Ar\u00e9fim is a French real estate company that became a mission-driven company and that specializes in the development of innovative logistics campuses and independent buildings.\",\"breadcrumb\":{\"@id\":\"https:\/\/arefim-ge.com\/en\/menestys-home-page\/#breadcrumb\"},\"inLanguage\":\"en-US\",\"potentialAction\":[{\"@type\":\"ReadAction\",\"target\":[\"https:\/\/arefim-ge.com\/en\/menestys-home-page\/\"]}]},{\"@type\":\"ImageObject\",\"inLanguage\":\"en-US\",\"@id\":\"https:\/\/arefim-ge.com\/en\/menestys-home-page\/#primaryimage\",\"url\":\"https:\/\/arefim-ge.com\/wp-content\/uploads\/2024\/02\/French-Certifee-B-Logo-White-RGB.png\",\"contentUrl\":\"https:\/\/arefim-ge.com\/wp-content\/uploads\/2024\/02\/French-Certifee-B-Logo-White-RGB.png\"},{\"@type\":\"BreadcrumbList\",\"@id\":\"https:\/\/arefim-ge.com\/en\/menestys-home-page\/#breadcrumb\",\"itemListElement\":[{\"@type\":\"ListItem\",\"position\":1,\"name\":\"Accueil\",\"item\":\"https:\/\/arefim-ge.com\/en\/\"},{\"@type\":\"ListItem\",\"position\":2,\"name\":\"Menestys Home Page\"}]},{\"@type\":\"WebSite\",\"@id\":\"https:\/\/arefim-ge.com\/en\/#website\",\"url\":\"https:\/\/arefim-ge.com\/en\/\",\"name\":\"Arefim GE\",\"description\":\"\",\"potentialAction\":[{\"@type\":\"SearchAction\",\"target\":{\"@type\":\"EntryPoint\",\"urlTemplate\":\"https:\/\/arefim-ge.com\/en\/?s={search_term_string}\"},\"query-input\":{\"@type\":\"PropertyValueSpecification\",\"valueRequired\":true,\"valueName\":\"search_term_string\"}}],\"inLanguage\":\"en-US\"}]}<\/script>\n<!-- \/ Yoast SEO plugin. -->","yoast_head_json":{"title":"Ar\u00e9fim - A mission-driven logistical real estate company","description":"Ar\u00e9fim is a French real estate company that became a mission-driven company and that specializes in the development of innovative logistics campuses and independent buildings.","robots":{"index":"index","follow":"follow","max-snippet":"max-snippet:-1","max-image-preview":"max-image-preview:large","max-video-preview":"max-video-preview:-1"},"canonical":"https:\/\/arefim-ge.com\/en\/menestys-home-page\/","og_locale":"en_US","og_type":"article","og_title":"Ar\u00e9fim - A mission-driven logistical real estate company","og_description":"Ar\u00e9fim is a French real estate company that became a mission-driven company and that specializes in the development of innovative logistics campuses and independent buildings.","og_url":"https:\/\/arefim-ge.com\/en\/menestys-home-page\/","og_site_name":"Arefim GE","article_modified_time":"2025-01-02T14:22:28+00:00","og_image":[{"url":"https:\/\/arefim-ge.com\/wp-content\/uploads\/2024\/02\/French-Certifee-B-Logo-White-RGB.png","type":"","width":"","height":""}],"twitter_card":"summary_large_image","twitter_misc":{"Est. reading time":"7 minutes"},"schema":{"@context":"https:\/\/schema.org","@graph":[{"@type":"WebPage","@id":"https:\/\/arefim-ge.com\/en\/menestys-home-page\/","url":"https:\/\/arefim-ge.com\/en\/menestys-home-page\/","name":"Ar\u00e9fim - A mission-driven logistical real estate company","isPartOf":{"@id":"https:\/\/arefim-ge.com\/en\/#website"},"primaryImageOfPage":{"@id":"https:\/\/arefim-ge.com\/en\/menestys-home-page\/#primaryimage"},"image":{"@id":"https:\/\/arefim-ge.com\/en\/menestys-home-page\/#primaryimage"},"thumbnailUrl":"https:\/\/arefim-ge.com\/wp-content\/uploads\/2024\/02\/French-Certifee-B-Logo-White-RGB.png","datePublished":"2024-03-12T14:30:41+00:00","dateModified":"2025-01-02T14:22:28+00:00","description":"Ar\u00e9fim is a French real estate company that became a mission-driven company and that specializes in the development of innovative logistics campuses and independent buildings.","breadcrumb":{"@id":"https:\/\/arefim-ge.com\/en\/menestys-home-page\/#breadcrumb"},"inLanguage":"en-US","potentialAction":[{"@type":"ReadAction","target":["https:\/\/arefim-ge.com\/en\/menestys-home-page\/"]}]},{"@type":"ImageObject","inLanguage":"en-US","@id":"https:\/\/arefim-ge.com\/en\/menestys-home-page\/#primaryimage","url":"https:\/\/arefim-ge.com\/wp-content\/uploads\/2024\/02\/French-Certifee-B-Logo-White-RGB.png","contentUrl":"https:\/\/arefim-ge.com\/wp-content\/uploads\/2024\/02\/French-Certifee-B-Logo-White-RGB.png"},{"@type":"BreadcrumbList","@id":"https:\/\/arefim-ge.com\/en\/menestys-home-page\/#breadcrumb","itemListElement":[{"@type":"ListItem","position":1,"name":"Accueil","item":"https:\/\/arefim-ge.com\/en\/"},{"@type":"ListItem","position":2,"name":"Menestys Home Page"}]},{"@type":"WebSite","@id":"https:\/\/arefim-ge.com\/en\/#website","url":"https:\/\/arefim-ge.com\/en\/","name":"Arefim GE","description":"","potentialAction":[{"@type":"SearchAction","target":{"@type":"EntryPoint","urlTemplate":"https:\/\/arefim-ge.com\/en\/?s={search_term_string}"},"query-input":{"@type":"PropertyValueSpecification","valueRequired":true,"valueName":"search_term_string"}}],"inLanguage":"en-US"}]}},"_links":{"self":[{"href":"https:\/\/arefim-ge.com\/en\/wp-json\/wp\/v2\/pages\/2201","targetHints":{"allow":["GET"]}}],"collection":[{"href":"https:\/\/arefim-ge.com\/en\/wp-json\/wp\/v2\/pages"}],"about":[{"href":"https:\/\/arefim-ge.com\/en\/wp-json\/wp\/v2\/types\/page"}],"author":[{"embeddable":true,"href":"https:\/\/arefim-ge.com\/en\/wp-json\/wp\/v2\/users\/1"}],"replies":[{"embeddable":true,"href":"https:\/\/arefim-ge.com\/en\/wp-json\/wp\/v2\/comments?post=2201"}],"version-history":[{"count":8,"href":"https:\/\/arefim-ge.com\/en\/wp-json\/wp\/v2\/pages\/2201\/revisions"}],"predecessor-version":[{"id":2487,"href":"https:\/\/arefim-ge.com\/en\/wp-json\/wp\/v2\/pages\/2201\/revisions\/2487"}],"wp:attachment":[{"href":"https:\/\/arefim-ge.com\/en\/wp-json\/wp\/v2\/media?parent=2201"}],"curies":[{"name":"wp","href":"https:\/\/api.w.org\/{rel}","templated":true}]}}