{"id":2005,"date":"2023-07-11T09:34:07","date_gmt":"2023-07-11T07:34:07","guid":{"rendered":"https:\/\/arefim-ge.com\/management\/"},"modified":"2025-10-31T16:44:12","modified_gmt":"2025-10-31T15:44:12","slug":"management","status":"publish","type":"page","link":"https:\/\/arefim-ge.com\/en\/management\/","title":{"rendered":"Management"},"content":{"rendered":"<p>[et_pb_section fb_built=&#8221;1&#8243; _builder_version=&#8221;4.20.4&#8243; _module_preset=&#8221;default&#8221; custom_padding=&#8221;||15px|||&#8221; global_colors_info=&#8221;{}&#8221;][et_pb_row _builder_version=&#8221;4.20.4&#8243; _module_preset=&#8221;default&#8221; custom_margin=&#8221;|auto|-6px|auto||&#8221; global_colors_info=&#8221;{}&#8221;][et_pb_column type=&#8221;4_4&#8243; _builder_version=&#8221;4.20.4&#8243; _module_preset=&#8221;default&#8221; global_colors_info=&#8221;{}&#8221;][et_pb_text _builder_version=&#8221;4.20.4&#8243; _module_preset=&#8221;default&#8221; header_font=&#8221;Montserrat|300|||||||&#8221; header_text_color=&#8221;#6E7C59&#8243; header_font_size=&#8221;35px&#8221; header_2_font=&#8221;Montserrat|300|||||||&#8221; header_2_text_align=&#8221;center&#8221; header_2_text_color=&#8221;#6E7C59&#8243; header_2_font_size=&#8221;45px&#8221; header_2_line_height=&#8221;1.2em&#8221; custom_margin=&#8221;||-2px|||&#8221; header_font_size_tablet=&#8221;35px&#8221; header_font_size_phone=&#8221;30px&#8221; header_font_size_last_edited=&#8221;on|phone&#8221; global_colors_info=&#8221;{}&#8221;]<\/p>\n<h1><strong>MANAGEMENT<\/strong><\/h1>\n<p>[\/et_pb_text][et_pb_image src=&#8221;https:\/\/arefim-ge.com\/wp-content\/uploads\/2023\/07\/trait-4-1-1.png&#8221; title_text=&#8221;trait 4 (1)&#8221; _builder_version=&#8221;4.20.4&#8243; _module_preset=&#8221;default&#8221; global_colors_info=&#8221;{}&#8221;][\/et_pb_image][\/et_pb_column][\/et_pb_row][\/et_pb_section][et_pb_section fb_built=&#8221;1&#8243; _builder_version=&#8221;4.23.1&#8243; _module_preset=&#8221;default&#8221; custom_padding=&#8221;13px||13px|||&#8221; global_colors_info=&#8221;{}&#8221;][et_pb_row column_structure=&#8221;1_3,2_3&#8243; use_custom_gutter=&#8221;on&#8221; gutter_width=&#8221;1&#8243; _builder_version=&#8221;4.20.4&#8243; _module_preset=&#8221;default&#8221; custom_margin=&#8221;29px|auto|29px|auto|true|false&#8221; global_colors_info=&#8221;{}&#8221;][et_pb_column type=&#8221;1_3&#8243; _builder_version=&#8221;4.20.4&#8243; _module_preset=&#8221;default&#8221; global_colors_info=&#8221;{}&#8221;][et_pb_image src=&#8221;https:\/\/arefim-ge.com\/wp-content\/uploads\/2023\/07\/Direction-2.png&#8221; title_text=&#8221;Management 2&#8243; url=&#8221;https:\/\/www.linkedin.com\/in\/val%C3%A9ry-fenes-694b787\/&#8221; align_tablet=&#8221;&#8221; align_phone=&#8221;&#8221; align_last_edited=&#8221;on|phone&#8221; _builder_version=&#8221;4.23.1&#8243; _module_preset=&#8221;default&#8221; width=&#8221;70%&#8221; border_radii=&#8221;on|200px|200px|200px|200px&#8221; global_colors_info=&#8221;{}&#8221;][\/et_pb_image][\/et_pb_column][et_pb_column type=&#8221;2_3&#8243; _builder_version=&#8221;4.20.4&#8243; _module_preset=&#8221;default&#8221; global_colors_info=&#8221;{}&#8221;][et_pb_text _builder_version=&#8221;4.23.1&#8243; _module_preset=&#8221;default&#8221; text_font=&#8221;Montserrat|700|||||||&#8221; text_text_color=&#8221;#6E7C59&#8243; text_font_size=&#8221;24px&#8221; custom_margin=&#8221;10px||7px||false|false&#8221; link_option_url=&#8221;https:\/\/www.linkedin.com\/in\/val%C3%A9ry-fenes-694b787\/&#8221; global_colors_info=&#8221;{}&#8221;]<\/p>\n<p>Val\u00e9ry Fen\u00e8s,<\/p>\n<p>[\/et_pb_text][et_pb_text _builder_version=&#8221;4.27.4&#8243; _module_preset=&#8221;default&#8221; text_font=&#8221;Montserrat||||||||&#8221; text_text_color=&#8221;#58595B&#8221; text_font_size=&#8221;20px&#8221; custom_margin=&#8221;||-5px|||&#8221; hover_enabled=&#8221;0&#8243; global_colors_info=&#8221;{}&#8221; sticky_enabled=&#8221;0&#8243;]<\/p>\n<p><em>The visionary<\/em><\/p>\n<p>[\/et_pb_text][et_pb_text _builder_version=&#8221;4.23.1&#8243; _module_preset=&#8221;default&#8221; text_font=&#8221;Montserrat||||||||&#8221; text_text_color=&#8221;#58595B&#8221; text_font_size=&#8221;16px&#8221; text_line_height=&#8221;1.9em&#8221; custom_padding=&#8221;0px|||||&#8221; global_colors_info=&#8221;{}&#8221;]<\/p>\n<p><span style=\"font-weight: 500;\"><\/span><\/p>\n<p><span style=\"font-weight: 500;\"><\/span><\/p>\n<p><span style=\"font-weight: 500;\">Val\u00e9ry Fen\u00e8s graduated from the \u00c9cole Sup\u00e9rieure de la Chambre de Commerce et de l\u2019Industrie and began his career in 2000 at BNP Immobilier (formerly Auguste Thouard). From 2006 to 2011, he worked at Argan as Development Director. In 2012, he created Ar\u00e9fim, a commercial real estate company, then Ar\u00e9fim GE in 2018 with KS Groupe. Val\u00e9ry is CEO of Ar\u00e9fim.   <br \/><\/span><\/p>\n<p>[\/et_pb_text][\/et_pb_column][\/et_pb_row][et_pb_row column_structure=&#8221;1_3,2_3&#8243; use_custom_gutter=&#8221;on&#8221; gutter_width=&#8221;1&#8243; _builder_version=&#8221;4.20.4&#8243; _module_preset=&#8221;default&#8221; global_colors_info=&#8221;{}&#8221;][et_pb_column type=&#8221;1_3&#8243; _builder_version=&#8221;4.20.4&#8243; _module_preset=&#8221;default&#8221; global_colors_info=&#8221;{}&#8221;][et_pb_image src=&#8221;https:\/\/arefim-ge.com\/wp-content\/uploads\/2023\/07\/direction-1.png&#8221; title_text=&#8221;Management 1&#8243; url=&#8221;https:\/\/www.linkedin.com\/in\/edouardsauer\/&#8221; align_tablet=&#8221;&#8221; align_phone=&#8221;center&#8221; align_last_edited=&#8221;on|phone&#8221; _builder_version=&#8221;4.23.1&#8243; _module_preset=&#8221;default&#8221; width=&#8221;70%&#8221; border_radii=&#8221;on|200px|200px|200px|200px&#8221; global_colors_info=&#8221;{}&#8221;][\/et_pb_image][\/et_pb_column][et_pb_column type=&#8221;2_3&#8243; _builder_version=&#8221;4.20.4&#8243; _module_preset=&#8221;default&#8221; global_colors_info=&#8221;{}&#8221;][et_pb_text _builder_version=&#8221;4.20.4&#8243; _module_preset=&#8221;default&#8221; text_font=&#8221;Montserrat|700|||||||&#8221; text_text_color=&#8221;#6E7C59&#8243; text_font_size=&#8221;24px&#8221; custom_margin=&#8221;10px||7px||false|false&#8221; link_option_url=&#8221;https:\/\/www.linkedin.com\/in\/edouardsauer\/&#8221; global_colors_info=&#8221;{}&#8221;]<\/p>\n<p>Edouard Sauer,<\/p>\n<p>[\/et_pb_text][et_pb_text _builder_version=&#8221;4.27.4&#8243; _module_preset=&#8221;default&#8221; text_font=&#8221;Montserrat||||||||&#8221; text_text_color=&#8221;#58595B&#8221; text_font_size=&#8221;20px&#8221; custom_margin=&#8221;||-5px|||&#8221; hover_enabled=&#8221;0&#8243; global_colors_info=&#8221;{}&#8221; sticky_enabled=&#8221;0&#8243;]<\/p>\n<p><em>The unifier<\/em><\/p>\n<p>[\/et_pb_text][et_pb_text _builder_version=&#8221;4.23.1&#8243; _module_preset=&#8221;default&#8221; text_font=&#8221;Montserrat||||||||&#8221; text_text_color=&#8221;#58595B&#8221; text_font_size=&#8221;16px&#8221; text_line_height=&#8221;1.9em&#8221; custom_padding=&#8221;0px|||||&#8221; global_colors_info=&#8221;{}&#8221;]&nbsp;<\/p>\n<p><span style=\"font-weight: 500;\">Edouard Sauer is an engineering graduate of INSA. He trained in real estate law at ICH while beginning to work in the family business. <\/span><\/p>\n<p><span style=\"font-weight: 500;\">Edouard currently holds various executive, managerial, supervisory and strategic consulting mandates. He believes firmly in social entrepreneurship and that ethics can align with economics, continuing his work in the family business on projects involving skills sponsorship, SSE, ecology and social innovation. <\/span>[\/et_pb_text][\/et_pb_column][\/et_pb_row][et_pb_row column_structure=&#8221;1_3,2_3&#8243; use_custom_gutter=&#8221;on&#8221; gutter_width=&#8221;1&#8243; _builder_version=&#8221;4.20.4&#8243; _module_preset=&#8221;default&#8221; custom_margin=&#8221;9px|auto|1px|auto||&#8221; custom_padding=&#8221;||12px|||&#8221; global_colors_info=&#8221;{}&#8221;][et_pb_column type=&#8221;1_3&#8243; _builder_version=&#8221;4.20.4&#8243; _module_preset=&#8221;default&#8221; global_colors_info=&#8221;{}&#8221;][et_pb_image src=&#8221;https:\/\/arefim-ge.com\/wp-content\/uploads\/2023\/07\/Direction-3.png&#8221; title_text=&#8221;Management 3&#8243; url=&#8221;https:\/\/www.linkedin.com\/in\/duffours-benoit-1168965a\/&#8221; align_tablet=&#8221;&#8221; align_phone=&#8221;center&#8221; align_last_edited=&#8221;on|phone&#8221; _builder_version=&#8221;4.23.1&#8243; _module_preset=&#8221;default&#8221; width=&#8221;70%&#8221; border_radii=&#8221;on|200px|200px|200px|200px&#8221; global_colors_info=&#8221;{}&#8221;][\/et_pb_image][\/et_pb_column][et_pb_column type=&#8221;2_3&#8243; _builder_version=&#8221;4.20.4&#8243; _module_preset=&#8221;default&#8221; global_colors_info=&#8221;{}&#8221;][et_pb_text _builder_version=&#8221;4.23.1&#8243; _module_preset=&#8221;default&#8221; text_font=&#8221;Montserrat|700|||||||&#8221; text_text_color=&#8221;#6E7C59&#8243; text_font_size=&#8221;24px&#8221; custom_margin=&#8221;10px||7px||false|false&#8221; link_option_url=&#8221;https:\/\/www.linkedin.com\/in\/duffours-benoit-1168965a\/&#8221; global_colors_info=&#8221;{}&#8221;]<\/p>\n<p>Beno\u00eet Duffours,<\/p>\n<p>[\/et_pb_text][et_pb_text _builder_version=&#8221;4.27.4&#8243; _module_preset=&#8221;default&#8221; text_font=&#8221;Montserrat||||||||&#8221; text_text_color=&#8221;#58595B&#8221; text_font_size=&#8221;20px&#8221; custom_margin=&#8221;||-5px|||&#8221; hover_enabled=&#8221;0&#8243; global_colors_info=&#8221;{}&#8221; sticky_enabled=&#8221;0&#8243;]<\/p>\n<p><em>The organizer<\/em><\/p>\n<p>[\/et_pb_text][et_pb_text _builder_version=&#8221;4.23.1&#8243; _module_preset=&#8221;default&#8221; text_font=&#8221;Montserrat||||||||&#8221; text_text_color=&#8221;#58595B&#8221; text_font_size=&#8221;16px&#8221; text_line_height=&#8221;1.9em&#8221; custom_padding=&#8221;0px|||||&#8221; global_colors_info=&#8221;{}&#8221;]<\/p>\n<p><span style=\"font-weight: 500;\"><\/span><\/p>\n<p><span style=\"font-weight: 500;\"><\/span><\/p>\n<p><span style=\"font-weight: 500;\">Beno\u00eet Duffours holds an engineering degree from the \u00c9cole Sup\u00e9rieure de Chamb\u00e9ry and a master\u2019s in quality management from Arts et M\u00e9tiers. He began his career at GSE, where he was technical director for over 14 years. During this period, he led several large-scale projects representing \u20ac10 to \u20ac60 million. He also managed a profit center with eight people under his direct responsibility.<br \/>He joined Ar\u00e9fim in 2019 and is currently Chief Operating Officer. His job mainly involves structuring and supporting Ar\u00e9fim\u2019s strong growth across its entire value chain, from real estate prospecting to property.   <\/span><\/p>\n<p>&nbsp;<\/p>\n<p>[\/et_pb_text][\/et_pb_column][\/et_pb_row][et_pb_row column_structure=&#8221;1_3,2_3&#8243; use_custom_gutter=&#8221;on&#8221; gutter_width=&#8221;1&#8243; _builder_version=&#8221;4.20.4&#8243; _module_preset=&#8221;default&#8221; custom_margin=&#8221;9px|auto|100px|auto||&#8221; custom_padding=&#8221;||12px|||&#8221; global_colors_info=&#8221;{}&#8221;][et_pb_column type=&#8221;1_3&#8243; _builder_version=&#8221;4.20.4&#8243; _module_preset=&#8221;default&#8221; global_colors_info=&#8221;{}&#8221;][et_pb_image src=&#8221;https:\/\/arefim-ge.com\/wp-content\/uploads\/2025\/10\/frederic-faurie-web.jpg&#8221; title_text=&#8221;frederic-faurie-web&#8221; url=&#8221;https:\/\/www.linkedin.com\/in\/frederic-faurie-30bb86170&#8243; align_tablet=&#8221;&#8221; align_phone=&#8221;center&#8221; align_last_edited=&#8221;on|phone&#8221; _builder_version=&#8221;4.27.4&#8243; _module_preset=&#8221;default&#8221; width=&#8221;70%&#8221; border_radii=&#8221;on|200px|200px|200px|200px&#8221; global_colors_info=&#8221;{}&#8221;][\/et_pb_image][\/et_pb_column][et_pb_column type=&#8221;2_3&#8243; _builder_version=&#8221;4.20.4&#8243; _module_preset=&#8221;default&#8221; global_colors_info=&#8221;{}&#8221;][et_pb_text _builder_version=&#8221;4.27.4&#8243; _module_preset=&#8221;default&#8221; text_font=&#8221;Montserrat|700|||||||&#8221; text_text_color=&#8221;#6E7C59&#8243; text_font_size=&#8221;24px&#8221; custom_margin=&#8221;10px||7px||false|false&#8221; link_option_url=&#8221;https:\/\/www.linkedin.com\/in\/frederic-faurie-30bb86170&#8243; global_colors_info=&#8221;{}&#8221;]<\/p>\n<p>Fr\u00e9d\u00e9ric FAURIE,<\/p>\n<p>[\/et_pb_text][et_pb_text _builder_version=&#8221;4.27.4&#8243; _module_preset=&#8221;default&#8221; text_font=&#8221;Montserrat||||||||&#8221; text_text_color=&#8221;#58595B&#8221; text_font_size=&#8221;20px&#8221; custom_margin=&#8221;||-5px|||&#8221; link_option_url=&#8221;https:\/\/www.linkedin.com\/in\/frederic-faurie-30bb86170&#8243; global_colors_info=&#8221;{}&#8221;]<\/p>\n<p><em>The organizer<\/em><\/p>\n<p>[\/et_pb_text][et_pb_text _builder_version=&#8221;4.27.4&#8243; _module_preset=&#8221;default&#8221; text_font=&#8221;Montserrat||||||||&#8221; text_text_color=&#8221;#58595B&#8221; text_font_size=&#8221;16px&#8221; text_line_height=&#8221;1.9em&#8221; custom_padding=&#8221;0px|||||&#8221; hover_enabled=&#8221;0&#8243; global_colors_info=&#8221;{}&#8221; sticky_enabled=&#8221;0&#8243;]<\/p>\n<p><span style=\"font-weight: 500;\"><\/span><\/p>\n<p><span style=\"font-weight: 500;\"><\/span><\/p>\n<p><span>A graduate engineer from INSA Strasbourg, Fr\u00e9d\u00e9ric Faurie began his career in the construction industry. For more than 15 years, he worked in the development and management of a medium-sized company in Alsace before joining the KS Group to develop its real estate business and take over as Head of the Real Estate Division. He joined Ar\u00e9fim in 2024 alongside Beno\u00eet Duffours as Deputy CEO to support the company in its growth.<\/span><\/p>\n<p>&nbsp;<\/p>\n<p>[\/et_pb_text][\/et_pb_column][\/et_pb_row][\/et_pb_section]<\/p>\n","protected":false},"excerpt":{"rendered":"<p>MANAGEMENTVal\u00e9ry Fen\u00e8s,The visionary Val\u00e9ry Fen\u00e8s graduated from the \u00c9cole Sup\u00e9rieure de la Chambre de Commerce et de l\u2019Industrie and began his career in 2000 at BNP Immobilier (formerly Auguste Thouard). From 2006 to 2011, he worked at Argan as Development Director. In 2012, he created Ar\u00e9fim, a commercial real estate company, then Ar\u00e9fim GE in [&hellip;]<\/p>\n","protected":false},"author":2,"featured_media":0,"parent":0,"menu_order":0,"comment_status":"closed","ping_status":"open","template":"","meta":{"_acf_changed":false,"_et_pb_use_builder":"on","_et_pb_old_content":"","_et_gb_content_width":"","footnotes":""},"class_list":["post-2005","page","type-page","status-publish","hentry"],"acf":[],"yoast_head":"<!-- This site is optimized with the Yoast SEO plugin v27.1.1 - https:\/\/yoast.com\/product\/yoast-seo-wordpress\/ -->\n<title>Management - Arefim GE<\/title>\n<meta name=\"robots\" content=\"index, follow, max-snippet:-1, max-image-preview:large, max-video-preview:-1\" \/>\n<link rel=\"canonical\" href=\"https:\/\/arefim-ge.com\/en\/management\/\" \/>\n<meta property=\"og:locale\" content=\"en_US\" \/>\n<meta property=\"og:type\" content=\"article\" \/>\n<meta property=\"og:title\" content=\"Management - Arefim GE\" \/>\n<meta property=\"og:description\" content=\"MANAGEMENTVal\u00e9ry Fen\u00e8s,The visionary Val\u00e9ry Fen\u00e8s graduated from the \u00c9cole Sup\u00e9rieure de la Chambre de Commerce et de l\u2019Industrie and began his career in 2000 at BNP Immobilier (formerly Auguste Thouard). From 2006 to 2011, he worked at Argan as Development Director. In 2012, he created Ar\u00e9fim, a commercial real estate company, then Ar\u00e9fim GE in [&hellip;]\" \/>\n<meta property=\"og:url\" content=\"https:\/\/arefim-ge.com\/en\/management\/\" \/>\n<meta property=\"og:site_name\" content=\"Arefim GE\" \/>\n<meta property=\"article:modified_time\" content=\"2025-10-31T15:44:12+00:00\" \/>\n<meta name=\"twitter:card\" content=\"summary_large_image\" \/>\n<meta name=\"twitter:label1\" content=\"Est. reading time\" \/>\n\t<meta name=\"twitter:data1\" content=\"7 minutes\" \/>\n<script type=\"application\/ld+json\" class=\"yoast-schema-graph\">{\"@context\":\"https:\/\/schema.org\",\"@graph\":[{\"@type\":\"WebPage\",\"@id\":\"https:\/\/arefim-ge.com\/en\/management\/\",\"url\":\"https:\/\/arefim-ge.com\/en\/management\/\",\"name\":\"Management - Arefim GE\",\"isPartOf\":{\"@id\":\"https:\/\/arefim-ge.com\/en\/#website\"},\"datePublished\":\"2023-07-11T07:34:07+00:00\",\"dateModified\":\"2025-10-31T15:44:12+00:00\",\"breadcrumb\":{\"@id\":\"https:\/\/arefim-ge.com\/en\/management\/#breadcrumb\"},\"inLanguage\":\"en-US\",\"potentialAction\":[{\"@type\":\"ReadAction\",\"target\":[\"https:\/\/arefim-ge.com\/en\/management\/\"]}]},{\"@type\":\"BreadcrumbList\",\"@id\":\"https:\/\/arefim-ge.com\/en\/management\/#breadcrumb\",\"itemListElement\":[{\"@type\":\"ListItem\",\"position\":1,\"name\":\"Accueil\",\"item\":\"https:\/\/arefim-ge.com\/en\/\"},{\"@type\":\"ListItem\",\"position\":2,\"name\":\"Management\"}]},{\"@type\":\"WebSite\",\"@id\":\"https:\/\/arefim-ge.com\/en\/#website\",\"url\":\"https:\/\/arefim-ge.com\/en\/\",\"name\":\"Arefim GE\",\"description\":\"\",\"potentialAction\":[{\"@type\":\"SearchAction\",\"target\":{\"@type\":\"EntryPoint\",\"urlTemplate\":\"https:\/\/arefim-ge.com\/en\/?s={search_term_string}\"},\"query-input\":{\"@type\":\"PropertyValueSpecification\",\"valueRequired\":true,\"valueName\":\"search_term_string\"}}],\"inLanguage\":\"en-US\"}]}<\/script>\n<!-- \/ Yoast SEO plugin. -->","yoast_head_json":{"title":"Management - Arefim GE","robots":{"index":"index","follow":"follow","max-snippet":"max-snippet:-1","max-image-preview":"max-image-preview:large","max-video-preview":"max-video-preview:-1"},"canonical":"https:\/\/arefim-ge.com\/en\/management\/","og_locale":"en_US","og_type":"article","og_title":"Management - Arefim GE","og_description":"MANAGEMENTVal\u00e9ry Fen\u00e8s,The visionary Val\u00e9ry Fen\u00e8s graduated from the \u00c9cole Sup\u00e9rieure de la Chambre de Commerce et de l\u2019Industrie and began his career in 2000 at BNP Immobilier (formerly Auguste Thouard). From 2006 to 2011, he worked at Argan as Development Director. In 2012, he created Ar\u00e9fim, a commercial real estate company, then Ar\u00e9fim GE in [&hellip;]","og_url":"https:\/\/arefim-ge.com\/en\/management\/","og_site_name":"Arefim GE","article_modified_time":"2025-10-31T15:44:12+00:00","twitter_card":"summary_large_image","twitter_misc":{"Est. reading time":"7 minutes"},"schema":{"@context":"https:\/\/schema.org","@graph":[{"@type":"WebPage","@id":"https:\/\/arefim-ge.com\/en\/management\/","url":"https:\/\/arefim-ge.com\/en\/management\/","name":"Management - Arefim GE","isPartOf":{"@id":"https:\/\/arefim-ge.com\/en\/#website"},"datePublished":"2023-07-11T07:34:07+00:00","dateModified":"2025-10-31T15:44:12+00:00","breadcrumb":{"@id":"https:\/\/arefim-ge.com\/en\/management\/#breadcrumb"},"inLanguage":"en-US","potentialAction":[{"@type":"ReadAction","target":["https:\/\/arefim-ge.com\/en\/management\/"]}]},{"@type":"BreadcrumbList","@id":"https:\/\/arefim-ge.com\/en\/management\/#breadcrumb","itemListElement":[{"@type":"ListItem","position":1,"name":"Accueil","item":"https:\/\/arefim-ge.com\/en\/"},{"@type":"ListItem","position":2,"name":"Management"}]},{"@type":"WebSite","@id":"https:\/\/arefim-ge.com\/en\/#website","url":"https:\/\/arefim-ge.com\/en\/","name":"Arefim GE","description":"","potentialAction":[{"@type":"SearchAction","target":{"@type":"EntryPoint","urlTemplate":"https:\/\/arefim-ge.com\/en\/?s={search_term_string}"},"query-input":{"@type":"PropertyValueSpecification","valueRequired":true,"valueName":"search_term_string"}}],"inLanguage":"en-US"}]}},"_links":{"self":[{"href":"https:\/\/arefim-ge.com\/en\/wp-json\/wp\/v2\/pages\/2005","targetHints":{"allow":["GET"]}}],"collection":[{"href":"https:\/\/arefim-ge.com\/en\/wp-json\/wp\/v2\/pages"}],"about":[{"href":"https:\/\/arefim-ge.com\/en\/wp-json\/wp\/v2\/types\/page"}],"author":[{"embeddable":true,"href":"https:\/\/arefim-ge.com\/en\/wp-json\/wp\/v2\/users\/2"}],"replies":[{"embeddable":true,"href":"https:\/\/arefim-ge.com\/en\/wp-json\/wp\/v2\/comments?post=2005"}],"version-history":[{"count":11,"href":"https:\/\/arefim-ge.com\/en\/wp-json\/wp\/v2\/pages\/2005\/revisions"}],"predecessor-version":[{"id":3009,"href":"https:\/\/arefim-ge.com\/en\/wp-json\/wp\/v2\/pages\/2005\/revisions\/3009"}],"wp:attachment":[{"href":"https:\/\/arefim-ge.com\/en\/wp-json\/wp\/v2\/media?parent=2005"}],"curies":[{"name":"wp","href":"https:\/\/api.w.org\/{rel}","templated":true}]}}