{"id":1993,"date":"2023-07-21T16:30:35","date_gmt":"2023-07-21T14:30:35","guid":{"rendered":"https:\/\/arefim-ge.com\/mission-committee\/"},"modified":"2025-10-14T15:19:37","modified_gmt":"2025-10-14T13:19:37","slug":"mission-committee","status":"publish","type":"page","link":"https:\/\/arefim-ge.com\/en\/mission-committee\/","title":{"rendered":"Mission committee"},"content":{"rendered":"<p>[et_pb_section fb_built=&#8221;1&#8243; _builder_version=&#8221;4.20.4&#8243; _module_preset=&#8221;default&#8221; custom_padding=&#8221;||15px|||&#8221; global_colors_info=&#8221;{}&#8221;][et_pb_row _builder_version=&#8221;4.20.4&#8243; _module_preset=&#8221;default&#8221; custom_margin=&#8221;|auto|-6px|auto||&#8221; global_colors_info=&#8221;{}&#8221;][et_pb_column type=&#8221;4_4&#8243; _builder_version=&#8221;4.20.4&#8243; _module_preset=&#8221;default&#8221; global_colors_info=&#8221;{}&#8221;][et_pb_text _builder_version=&#8221;4.20.4&#8243; _module_preset=&#8221;default&#8221; header_font=&#8221;Montserrat|300|||||||&#8221; header_text_color=&#8221;#6E7C59&#8243; header_font_size=&#8221;35px&#8221; header_2_font=&#8221;Montserrat|300|||||||&#8221; header_2_text_align=&#8221;center&#8221; header_2_text_color=&#8221;#6E7C59&#8243; header_2_font_size=&#8221;45px&#8221; header_2_line_height=&#8221;1.2em&#8221; custom_margin=&#8221;||-2px|||&#8221; header_font_size_tablet=&#8221;35px&#8221; header_font_size_phone=&#8221;30px&#8221; header_font_size_last_edited=&#8221;on|phone&#8221; global_colors_info=&#8221;{}&#8221;]<\/p>\n<h1><strong>MISSION <\/strong>COMMITTEE<\/h1>\n<p>[\/et_pb_text][et_pb_image src=&#8221;https:\/\/arefim-ge.com\/wp-content\/uploads\/2023\/07\/trait-4-1-1.png&#8221; title_text=&#8221;trait 4 (1)&#8221; _builder_version=&#8221;4.20.4&#8243; _module_preset=&#8221;default&#8221; width=&#8221;10%&#8221; global_colors_info=&#8221;{}&#8221;][\/et_pb_image][\/et_pb_column][\/et_pb_row][et_pb_row _builder_version=&#8221;4.20.4&#8243; _module_preset=&#8221;default&#8221; global_colors_info=&#8221;{}&#8221;][et_pb_column type=&#8221;4_4&#8243; _builder_version=&#8221;4.20.4&#8243; _module_preset=&#8221;default&#8221; global_colors_info=&#8221;{}&#8221;][et_pb_text _builder_version=&#8221;4.23.1&#8243; _module_preset=&#8221;default&#8221; text_font=&#8221;Montserrat||||||||&#8221; text_text_color=&#8221;#58595b&#8221; text_font_size=&#8221;20px&#8221; text_line_height=&#8221;1.6em&#8221; custom_margin=&#8221;||53px|||&#8221; global_colors_info=&#8221;{}&#8221;]<\/p>\n<p>The Ar\u00e9fim Mission Committee is tasked exclusively with monitoring the execution of our mission.<br \/>Members are chosen for their expertise: biodiversity, the environment, logistics, supply chain, collaborative construction, etc.<\/p>\n<p>[\/et_pb_text][et_pb_text _builder_version=&#8221;4.20.4&#8243; _module_preset=&#8221;default&#8221; header_font=&#8221;Montserrat|300|||||||&#8221; header_text_color=&#8221;#6E7C59&#8243; header_font_size=&#8221;45px&#8221; header_2_font=&#8221;Montserrat|600|||||||&#8221; header_2_text_align=&#8221;left&#8221; header_2_text_color=&#8221;#6E7C59&#8243; header_2_font_size=&#8221;25px&#8221; header_2_line_height=&#8221;1.2em&#8221; custom_margin=&#8221;||30px|||&#8221; global_colors_info=&#8221;{}&#8221;]<\/p>\n<h2 style=\"text-align: center;\">Members:<\/h2>\n<p>[\/et_pb_text][\/et_pb_column][\/et_pb_row][et_pb_row column_structure=&#8221;1_3,1_3,1_3&#8243; _builder_version=&#8221;4.20.4&#8243; _module_preset=&#8221;default&#8221; global_colors_info=&#8221;{}&#8221;][et_pb_column type=&#8221;1_3&#8243; _builder_version=&#8221;4.20.4&#8243; _module_preset=&#8221;default&#8221; global_colors_info=&#8221;{}&#8221;][et_pb_image src=&#8221;https:\/\/arefim-ge.com\/wp-content\/uploads\/2023\/07\/comite-1.png&#8221; title_text=&#8221;committee 1&#8243; align=&#8221;center&#8221; _builder_version=&#8221;4.20.4&#8243; _module_preset=&#8221;default&#8221; width=&#8221;60%&#8221; custom_margin=&#8221;||15px|||&#8221; global_colors_info=&#8221;{}&#8221;][\/et_pb_image][et_pb_text _builder_version=&#8221;4.27.4&#8243; _module_preset=&#8221;default&#8221; text_font=&#8221;Montserrat|700|||||||&#8221; text_text_color=&#8221;#6e7c59&#8243; text_line_height=&#8221;1.5em&#8221; global_colors_info=&#8221;{}&#8221;]<\/p>\n<p style=\"text-align: center;\"><span style=\"font-size: 18px;\">Diana Diziain<\/span><br \/>Deputy Director<br \/>AFILOG<\/p>\n<p>[\/et_pb_text][\/et_pb_column][et_pb_column type=&#8221;1_3&#8243; _builder_version=&#8221;4.20.4&#8243; _module_preset=&#8221;default&#8221; global_colors_info=&#8221;{}&#8221;][et_pb_image src=&#8221;https:\/\/arefim-ge.com\/wp-content\/uploads\/2024\/12\/Adrien-Malleville_site-WEB.png&#8221; title_text=&#8221;Adrien-Malleville_site-WEB&#8221; align=&#8221;center&#8221; _builder_version=&#8221;4.27.4&#8243; _module_preset=&#8221;default&#8221; width=&#8221;60%&#8221; custom_margin=&#8221;||15px|||&#8221; global_colors_info=&#8221;{}&#8221;][\/et_pb_image][et_pb_text _builder_version=&#8221;4.27.4&#8243; _module_preset=&#8221;default&#8221; text_font=&#8221;Montserrat|700|||||||&#8221; text_text_color=&#8221;#6e7c59&#8243; text_line_height=&#8221;1.5em&#8221; global_colors_info=&#8221;{}&#8221;]<\/p>\n<p style=\"text-align: center;\"><span style=\"font-size: 18px;\">Adrien Malleville<\/span><br \/>Director of Operations <br \/>AR\u00c9FIM<\/p>\n<p>[\/et_pb_text][\/et_pb_column][et_pb_column type=&#8221;1_3&#8243; _builder_version=&#8221;4.20.4&#8243; _module_preset=&#8221;default&#8221; global_colors_info=&#8221;{}&#8221;][et_pb_image src=&#8221;https:\/\/arefim-ge.com\/wp-content\/uploads\/2024\/12\/Arnaud-Nouailhas-L-oreal.png&#8221; title_text=&#8221;Arnaud-Nouailhas&#8211;L-oreal&#8221; align=&#8221;center&#8221; _builder_version=&#8221;4.27.4&#8243; _module_preset=&#8221;default&#8221; width=&#8221;60%&#8221; custom_margin=&#8221;||15px|||&#8221; global_colors_info=&#8221;{}&#8221;][\/et_pb_image][et_pb_text _builder_version=&#8221;4.27.4&#8243; _module_preset=&#8221;default&#8221; text_font=&#8221;Montserrat|700|||||||&#8221; text_text_color=&#8221;#6e7c59&#8243; text_line_height=&#8221;1.5em&#8221; global_colors_info=&#8221;{}&#8221;]<\/p>\n<p style=\"text-align: center;\"><span style=\"font-size: 18px;\">Arnaud Nouailhas<\/span><br \/>CSR Real Estate Leader<br \/>L\u2019OR\u00c9AL REAL ESTATE<\/p>\n<p>[\/et_pb_text][\/et_pb_column][\/et_pb_row][et_pb_row column_structure=&#8221;1_3,1_3,1_3&#8243; _builder_version=&#8221;4.20.4&#8243; _module_preset=&#8221;default&#8221; global_colors_info=&#8221;{}&#8221;][et_pb_column type=&#8221;1_3&#8243; _builder_version=&#8221;4.20.4&#8243; _module_preset=&#8221;default&#8221; global_colors_info=&#8221;{}&#8221;][et_pb_image src=&#8221;https:\/\/arefim-ge.com\/wp-content\/uploads\/2023\/07\/comite-3.png&#8221; title_text=&#8221;committee 3&#8243; align=&#8221;center&#8221; _builder_version=&#8221;4.20.4&#8243; _module_preset=&#8221;default&#8221; width=&#8221;60%&#8221; custom_margin=&#8221;||15px|||&#8221; global_colors_info=&#8221;{}&#8221;][\/et_pb_image][et_pb_text _builder_version=&#8221;4.20.4&#8243; _module_preset=&#8221;default&#8221; text_font=&#8221;Montserrat|700|||||||&#8221; text_text_color=&#8221;#6e7c59&#8243; text_line_height=&#8221;1.5em&#8221; global_colors_info=&#8221;{}&#8221;]<\/p>\n<p style=\"text-align: center;\"><span style=\"font-size: 18px;\">Vincent Poisson<\/span><br \/>Supply Chain Consulting Director<br \/>CBRE<\/p>\n<p>[\/et_pb_text][\/et_pb_column][et_pb_column type=&#8221;1_3&#8243; _builder_version=&#8221;4.20.4&#8243; _module_preset=&#8221;default&#8221; global_colors_info=&#8221;{}&#8221;][et_pb_image src=&#8221;https:\/\/arefim-ge.com\/wp-content\/uploads\/2023\/07\/comite-4.png&#8221; title_text=&#8221;committee 4&#8243; align=&#8221;center&#8221; _builder_version=&#8221;4.20.4&#8243; _module_preset=&#8221;default&#8221; width=&#8221;60%&#8221; custom_margin=&#8221;||15px|||&#8221; global_colors_info=&#8221;{}&#8221;][\/et_pb_image][et_pb_text _builder_version=&#8221;4.27.4&#8243; _module_preset=&#8221;default&#8221; text_font=&#8221;Montserrat|700|||||||&#8221; text_text_color=&#8221;#6e7c59&#8243; text_line_height=&#8221;1.5em&#8221; global_colors_info=&#8221;{}&#8221;]<\/p>\n<p style=\"text-align: center;\"><span style=\"font-size: 18px;\">J\u00e9r\u00e9mie Pouponnot<\/span><br \/>Director of Operations<br \/>PAYET<\/p>\n<p>[\/et_pb_text][\/et_pb_column][et_pb_column type=&#8221;1_3&#8243; _builder_version=&#8221;4.20.4&#8243; _module_preset=&#8221;default&#8221; global_colors_info=&#8221;{}&#8221;][et_pb_image src=&#8221;https:\/\/arefim-ge.com\/wp-content\/uploads\/2023\/07\/comite-5.png&#8221; title_text=&#8221;committee 5&#8243; align=&#8221;center&#8221; _builder_version=&#8221;4.20.4&#8243; _module_preset=&#8221;default&#8221; width=&#8221;60%&#8221; custom_margin=&#8221;||15px|||&#8221; global_colors_info=&#8221;{}&#8221;][\/et_pb_image][et_pb_text _builder_version=&#8221;4.20.4&#8243; _module_preset=&#8221;default&#8221; text_font=&#8221;Montserrat|700|||||||&#8221; text_text_color=&#8221;#6e7c59&#8243; text_line_height=&#8221;1.5em&#8221; global_colors_info=&#8221;{}&#8221;]<\/p>\n<p style=\"text-align: center;\"><span style=\"font-size: 18px;\">Myl\u00e8ne Princet-Heyd<\/span><br \/>CSR Manager<br \/>KS GROUPE<\/p>\n<p>[\/et_pb_text][\/et_pb_column][\/et_pb_row][et_pb_row column_structure=&#8221;1_3,1_3,1_3&#8243; _builder_version=&#8221;4.20.4&#8243; _module_preset=&#8221;default&#8221; custom_margin=&#8221;|auto|100px|auto||&#8221; global_colors_info=&#8221;{}&#8221;][et_pb_column type=&#8221;1_3&#8243; _builder_version=&#8221;4.20.4&#8243; _module_preset=&#8221;default&#8221; global_colors_info=&#8221;{}&#8221;][et_pb_image src=&#8221;https:\/\/arefim-ge.com\/wp-content\/uploads\/2023\/07\/comite-6.png&#8221; title_text=&#8221;committee 6&#8243; align=&#8221;center&#8221; _builder_version=&#8221;4.20.4&#8243; _module_preset=&#8221;default&#8221; width=&#8221;60%&#8221; custom_margin=&#8221;||15px|||&#8221; global_colors_info=&#8221;{}&#8221;][\/et_pb_image][et_pb_text _builder_version=&#8221;4.20.4&#8243; _module_preset=&#8221;default&#8221; text_font=&#8221;Montserrat|700|||||||&#8221; text_text_color=&#8221;#6e7c59&#8243; text_line_height=&#8221;1.5em&#8221; global_colors_info=&#8221;{}&#8221;]<\/p>\n<p style=\"text-align: center;\"><span style=\"font-size: 18px;\">Matthieu Rivet<\/span><br \/>Central Agency Director<br \/>CDC BIODIVERSIT\u00c9<\/p>\n<p>[\/et_pb_text][\/et_pb_column][et_pb_column type=&#8221;1_3&#8243; _builder_version=&#8221;4.20.4&#8243; _module_preset=&#8221;default&#8221; global_colors_info=&#8221;{}&#8221;][et_pb_image src=&#8221;https:\/\/arefim-ge.com\/wp-content\/uploads\/2023\/07\/comite-8.png&#8221; title_text=&#8221;committee 8&#8243; align=&#8221;center&#8221; _builder_version=&#8221;4.20.4&#8243; _module_preset=&#8221;default&#8221; width=&#8221;60%&#8221; custom_margin=&#8221;||15px|||&#8221; global_colors_info=&#8221;{}&#8221;][\/et_pb_image][et_pb_text _builder_version=&#8221;4.20.4&#8243; _module_preset=&#8221;default&#8221; text_font=&#8221;Montserrat|700|||||||&#8221; text_text_color=&#8221;#6e7c59&#8243; text_line_height=&#8221;1.5em&#8221; global_colors_info=&#8221;{}&#8221;]<\/p>\n<p style=\"text-align: center;\"><span style=\"font-size: 18px;\">Marion Thibault<\/span><br \/>CSR Manager<br \/>AR\u00c9FIM<\/p>\n<p>[\/et_pb_text][\/et_pb_column][et_pb_column type=&#8221;1_3&#8243; _builder_version=&#8221;4.20.4&#8243; _module_preset=&#8221;default&#8221; global_colors_info=&#8221;{}&#8221;][\/et_pb_column][\/et_pb_row][\/et_pb_section]<\/p>\n","protected":false},"excerpt":{"rendered":"<p>MISSION COMMITTEEThe Ar\u00e9fim Mission Committee is tasked exclusively with monitoring the execution of our mission.Members are chosen for their expertise: biodiversity, the environment, logistics, supply chain, collaborative construction, etc.Members:Diana DiziainDeputy DirectorAFILOGAdrien MallevilleDirector of Operations AR\u00c9FIMArnaud NouailhasCSR Real Estate LeaderL\u2019OR\u00c9AL REAL ESTATEVincent PoissonSupply Chain Consulting DirectorCBREJ\u00e9r\u00e9mie PouponnotDirector of OperationsPAYETMyl\u00e8ne Princet-HeydCSR ManagerKS GROUPEMatthieu RivetCentral Agency DirectorCDC BIODIVERSIT\u00c9Marion [&hellip;]<\/p>\n","protected":false},"author":2,"featured_media":0,"parent":0,"menu_order":0,"comment_status":"closed","ping_status":"open","template":"","meta":{"_acf_changed":false,"_et_pb_use_builder":"on","_et_pb_old_content":"","_et_gb_content_width":"","footnotes":""},"class_list":["post-1993","page","type-page","status-publish","hentry"],"acf":[],"yoast_head":"<!-- This site is optimized with the Yoast SEO plugin v27.1.1 - https:\/\/yoast.com\/product\/yoast-seo-wordpress\/ -->\n<title>Mission committee - Arefim GE<\/title>\n<meta name=\"robots\" content=\"index, follow, max-snippet:-1, max-image-preview:large, max-video-preview:-1\" \/>\n<link rel=\"canonical\" href=\"https:\/\/arefim-ge.com\/en\/mission-committee\/\" \/>\n<meta property=\"og:locale\" content=\"en_US\" \/>\n<meta property=\"og:type\" content=\"article\" \/>\n<meta property=\"og:title\" content=\"Mission committee - Arefim GE\" \/>\n<meta property=\"og:description\" content=\"MISSION COMMITTEEThe Ar\u00e9fim Mission Committee is tasked exclusively with monitoring the execution of our mission.Members are chosen for their expertise: biodiversity, the environment, logistics, supply chain, collaborative construction, etc.Members:Diana DiziainDeputy DirectorAFILOGAdrien MallevilleDirector of Operations AR\u00c9FIMArnaud NouailhasCSR Real Estate LeaderL\u2019OR\u00c9AL REAL ESTATEVincent PoissonSupply Chain Consulting DirectorCBREJ\u00e9r\u00e9mie PouponnotDirector of OperationsPAYETMyl\u00e8ne Princet-HeydCSR ManagerKS GROUPEMatthieu RivetCentral Agency DirectorCDC BIODIVERSIT\u00c9Marion [&hellip;]\" \/>\n<meta property=\"og:url\" content=\"https:\/\/arefim-ge.com\/en\/mission-committee\/\" \/>\n<meta property=\"og:site_name\" content=\"Arefim GE\" \/>\n<meta property=\"article:modified_time\" content=\"2025-10-14T13:19:37+00:00\" \/>\n<meta name=\"twitter:card\" content=\"summary_large_image\" \/>\n<meta name=\"twitter:label1\" content=\"Est. reading time\" \/>\n\t<meta name=\"twitter:data1\" content=\"3 minutes\" \/>\n<script type=\"application\/ld+json\" class=\"yoast-schema-graph\">{\"@context\":\"https:\/\/schema.org\",\"@graph\":[{\"@type\":\"WebPage\",\"@id\":\"https:\/\/arefim-ge.com\/en\/mission-committee\/\",\"url\":\"https:\/\/arefim-ge.com\/en\/mission-committee\/\",\"name\":\"Mission committee - Arefim GE\",\"isPartOf\":{\"@id\":\"https:\/\/arefim-ge.com\/en\/#website\"},\"datePublished\":\"2023-07-21T14:30:35+00:00\",\"dateModified\":\"2025-10-14T13:19:37+00:00\",\"breadcrumb\":{\"@id\":\"https:\/\/arefim-ge.com\/en\/mission-committee\/#breadcrumb\"},\"inLanguage\":\"en-US\",\"potentialAction\":[{\"@type\":\"ReadAction\",\"target\":[\"https:\/\/arefim-ge.com\/en\/mission-committee\/\"]}]},{\"@type\":\"BreadcrumbList\",\"@id\":\"https:\/\/arefim-ge.com\/en\/mission-committee\/#breadcrumb\",\"itemListElement\":[{\"@type\":\"ListItem\",\"position\":1,\"name\":\"Accueil\",\"item\":\"https:\/\/arefim-ge.com\/en\/\"},{\"@type\":\"ListItem\",\"position\":2,\"name\":\"Mission committee\"}]},{\"@type\":\"WebSite\",\"@id\":\"https:\/\/arefim-ge.com\/en\/#website\",\"url\":\"https:\/\/arefim-ge.com\/en\/\",\"name\":\"Arefim GE\",\"description\":\"\",\"potentialAction\":[{\"@type\":\"SearchAction\",\"target\":{\"@type\":\"EntryPoint\",\"urlTemplate\":\"https:\/\/arefim-ge.com\/en\/?s={search_term_string}\"},\"query-input\":{\"@type\":\"PropertyValueSpecification\",\"valueRequired\":true,\"valueName\":\"search_term_string\"}}],\"inLanguage\":\"en-US\"}]}<\/script>\n<!-- \/ Yoast SEO plugin. -->","yoast_head_json":{"title":"Mission committee - Arefim GE","robots":{"index":"index","follow":"follow","max-snippet":"max-snippet:-1","max-image-preview":"max-image-preview:large","max-video-preview":"max-video-preview:-1"},"canonical":"https:\/\/arefim-ge.com\/en\/mission-committee\/","og_locale":"en_US","og_type":"article","og_title":"Mission committee - Arefim GE","og_description":"MISSION COMMITTEEThe Ar\u00e9fim Mission Committee is tasked exclusively with monitoring the execution of our mission.Members are chosen for their expertise: biodiversity, the environment, logistics, supply chain, collaborative construction, etc.Members:Diana DiziainDeputy DirectorAFILOGAdrien MallevilleDirector of Operations AR\u00c9FIMArnaud NouailhasCSR Real Estate LeaderL\u2019OR\u00c9AL REAL ESTATEVincent PoissonSupply Chain Consulting DirectorCBREJ\u00e9r\u00e9mie PouponnotDirector of OperationsPAYETMyl\u00e8ne Princet-HeydCSR ManagerKS GROUPEMatthieu RivetCentral Agency DirectorCDC BIODIVERSIT\u00c9Marion [&hellip;]","og_url":"https:\/\/arefim-ge.com\/en\/mission-committee\/","og_site_name":"Arefim GE","article_modified_time":"2025-10-14T13:19:37+00:00","twitter_card":"summary_large_image","twitter_misc":{"Est. reading time":"3 minutes"},"schema":{"@context":"https:\/\/schema.org","@graph":[{"@type":"WebPage","@id":"https:\/\/arefim-ge.com\/en\/mission-committee\/","url":"https:\/\/arefim-ge.com\/en\/mission-committee\/","name":"Mission committee - Arefim GE","isPartOf":{"@id":"https:\/\/arefim-ge.com\/en\/#website"},"datePublished":"2023-07-21T14:30:35+00:00","dateModified":"2025-10-14T13:19:37+00:00","breadcrumb":{"@id":"https:\/\/arefim-ge.com\/en\/mission-committee\/#breadcrumb"},"inLanguage":"en-US","potentialAction":[{"@type":"ReadAction","target":["https:\/\/arefim-ge.com\/en\/mission-committee\/"]}]},{"@type":"BreadcrumbList","@id":"https:\/\/arefim-ge.com\/en\/mission-committee\/#breadcrumb","itemListElement":[{"@type":"ListItem","position":1,"name":"Accueil","item":"https:\/\/arefim-ge.com\/en\/"},{"@type":"ListItem","position":2,"name":"Mission committee"}]},{"@type":"WebSite","@id":"https:\/\/arefim-ge.com\/en\/#website","url":"https:\/\/arefim-ge.com\/en\/","name":"Arefim GE","description":"","potentialAction":[{"@type":"SearchAction","target":{"@type":"EntryPoint","urlTemplate":"https:\/\/arefim-ge.com\/en\/?s={search_term_string}"},"query-input":{"@type":"PropertyValueSpecification","valueRequired":true,"valueName":"search_term_string"}}],"inLanguage":"en-US"}]}},"_links":{"self":[{"href":"https:\/\/arefim-ge.com\/en\/wp-json\/wp\/v2\/pages\/1993","targetHints":{"allow":["GET"]}}],"collection":[{"href":"https:\/\/arefim-ge.com\/en\/wp-json\/wp\/v2\/pages"}],"about":[{"href":"https:\/\/arefim-ge.com\/en\/wp-json\/wp\/v2\/types\/page"}],"author":[{"embeddable":true,"href":"https:\/\/arefim-ge.com\/en\/wp-json\/wp\/v2\/users\/2"}],"replies":[{"embeddable":true,"href":"https:\/\/arefim-ge.com\/en\/wp-json\/wp\/v2\/comments?post=1993"}],"version-history":[{"count":31,"href":"https:\/\/arefim-ge.com\/en\/wp-json\/wp\/v2\/pages\/1993\/revisions"}],"predecessor-version":[{"id":2885,"href":"https:\/\/arefim-ge.com\/en\/wp-json\/wp\/v2\/pages\/1993\/revisions\/2885"}],"wp:attachment":[{"href":"https:\/\/arefim-ge.com\/en\/wp-json\/wp\/v2\/media?parent=1993"}],"curies":[{"name":"wp","href":"https:\/\/api.w.org\/{rel}","templated":true}]}}